{"id":1210,"date":"2025-11-20T16:06:02","date_gmt":"2025-11-20T16:06:02","guid":{"rendered":"http:\/\/anzeigen.sankt-wendel-saar.de\/?page_id=1210"},"modified":"2025-12-03T12:28:45","modified_gmt":"2025-12-03T12:28:45","slug":"datenschutzerklaerung","status":"publish","type":"page","link":"https:\/\/anzeigen.sankt-wendel-saar.de\/?page_id=1210","title":{"rendered":"Datenschutzerkl\u00e4rung"},"content":{"rendered":"<p><!-- Datenschutzerkl\u00e4rung Sankt-Wendel-Saar --><\/p>\n<section id=\"datenschutz\" style=\"padding: 60px 20px; background: #f9f5f0; line-height: 1.8; font-size: 1.0em; max-width: 900px; margin: 0 auto;\">\n<h1>Datenschutzerkl\u00e4rung<\/h1>\n<p>Wir freuen uns \u00fcber Ihr Interesse an unserem Unternehmen. Datenschutz hat einen besonders hohen Stellenwert f\u00fcr die Gesch\u00e4ftsleitung von <strong>Sankt-Wendel-Saar<\/strong>. Eine Nutzung unserer Internetseiten ist grunds\u00e4tzlich ohne jede Angabe personenbezogener Daten m\u00f6glich. Soweit eine betroffene Person besondere Services unseres Unternehmens \u00fcber unsere Internetseite in Anspruch nehmen m\u00f6chte, kann jedoch eine Verarbeitung personenbezogener Daten erforderlich werden. Ist die Verarbeitung personenbezogener Daten erforderlich und besteht hierf\u00fcr keine gesetzliche Grundlage, holen wir grunds\u00e4tzlich eine Einwilligung der betroffenen Person ein.<\/p>\n<p>Die Verarbeitung personenbezogener Daten, z. B. Name, Anschrift, E-Mail-Adresse oder Telefonnummer einer betroffenen Person, erfolgt stets im Einklang mit der Datenschutz-Grundverordnung (DSGVO) und den landesspezifischen Datenschutzbestimmungen. Diese Datenschutzerkl\u00e4rung informiert die \u00d6ffentlichkeit \u00fcber Art, Umfang und Zweck der erhobenen, genutzten und verarbeiteten personenbezogenen Daten und kl\u00e4rt \u00fcber die Rechte der Betroffenen auf.<\/p>\n<h2>1. Begriffsbestimmungen<\/h2>\n<p>Die Begriffe dieser Datenschutzerkl\u00e4rung entsprechen den Definitionen der DSGVO:<\/p>\n<ul>\n<li><strong>Personenbezogene Daten:<\/strong> Alle Informationen, die sich auf eine identifizierte oder identifizierbare nat\u00fcrliche Person beziehen.<\/li>\n<li><strong>Betroffene Person:<\/strong> Jede identifizierte oder identifizierbare nat\u00fcrliche Person, deren Daten verarbeitet werden.<\/li>\n<li><strong>Verarbeitung:<\/strong> Vorg\u00e4nge wie Erheben, Speichern, Nutzen, \u00dcbermitteln oder L\u00f6schen von personenbezogenen Daten.<\/li>\n<li><strong>Einwilligung:<\/strong> Freiwillige und informierte Willensbekundung der betroffenen Person zur Verarbeitung ihrer Daten.<\/li>\n<li><strong>Verantwortlicher:<\/strong> Nat\u00fcrliche oder juristische Person, die \u00fcber Zwecke und Mittel der Verarbeitung entscheidet.<\/li>\n<\/ul>\n<h2>2. Name und Anschrift des Verantwortlichen<\/h2>\n<p><strong>Sankt-Wendel-Saar<\/strong><br \/>\nBerliner Allee 22<br \/>\nD-66606 St. Wendel \/ Saar<br \/>\nTel.: ++49 68 51 \/ 80 86 55<br \/>\nE-Mail: <a href=\"mailto:info@spanien-web.de\">info@spanien-web.de<\/a><br \/>\nWebsite: <a href=\"https:\/\/www.sankt-wendel-saar.de\" target=\"_blank\" rel=\"noopener\">www.sankt-wendel-saar.de<\/a><\/p>\n<h2>3. Cookies<\/h2>\n<p>Unsere Internetseiten verwenden Cookies, um nutzerfreundliche Services bereitzustellen und die Nutzung unserer Website zu optimieren. Sie k\u00f6nnen die Setzung von Cookies jederzeit \u00fcber Ihren Browser verhindern oder bereits gesetzte Cookies l\u00f6schen. In diesem Fall sind m\u00f6glicherweise nicht alle Funktionen der Website nutzbar.<\/p>\n<h2>4. Erfassung allgemeiner Daten<\/h2>\n<p>Bei jedem Besuch unserer Website werden allgemeine Daten wie Browsertyp, Betriebssystem, IP-Adresse, Datum und Uhrzeit gespeichert. Diese Daten dienen der Sicherheit, zur Optimierung der Website und zur rechtlichen Absicherung, erlauben aber keine R\u00fcckschl\u00fcsse auf die betroffene Person.<\/p>\n<h2>5. Newsletter<\/h2>\n<p>Wenn Sie unseren Newsletter abonnieren, erheben wir Ihre E-Mail-Adresse sowie ggf. Name und ISP-Daten im Double-Opt-In-Verfahren. Die Daten werden ausschlie\u00dflich f\u00fcr den Newsletterversand verwendet und nicht an Dritte weitergegeben. Sie k\u00f6nnen sich jederzeit vom Newsletter abmelden.<\/p>\n<h2>6. Kontakt \u00fcber die Website<\/h2>\n<p>Bei Kontaktaufnahme per E-Mail oder \u00fcber unser Kontaktformular werden die \u00fcbermittelten personenbezogenen Daten gespeichert, um Anfragen zu bearbeiten. Eine Weitergabe an Dritte erfolgt nicht.<\/p>\n<h2>7. Rechte der betroffenen Person<\/h2>\n<ul>\n<li>Recht auf Best\u00e4tigung und Auskunft \u00fcber die gespeicherten Daten<\/li>\n<li>Recht auf Berichtigung unrichtiger Daten<\/li>\n<li>Recht auf L\u00f6schung (\u201eRecht auf Vergessenwerden\u201c)<\/li>\n<li>Recht auf Einschr\u00e4nkung der Verarbeitung<\/li>\n<li>Recht auf Daten\u00fcbertragbarkeit<\/li>\n<li>Recht auf Widerspruch gegen Verarbeitung, Direktwerbung und Profiling<\/li>\n<li>Recht auf Widerruf erteilter Einwilligungen<\/li>\n<\/ul>\n<h2>8. Rechtsgrundlagen der Verarbeitung<\/h2>\n<p>Die Verarbeitung personenbezogener Daten erfolgt auf Basis von Einwilligung (Art. 6 Abs. 1 lit. a DSGVO), Vertragserf\u00fcllung (Art. 6 Abs. 1 lit. b DSGVO), rechtlicher Verpflichtung (Art. 6 Abs. 1 lit. c DSGVO) oder berechtigtem Interesse (Art. 6 Abs. 1 lit. f DSGVO).<\/p>\n<h2>9. Dauer der Datenspeicherung<\/h2>\n<p>Personenbezogene Daten werden nur solange gespeichert, wie dies zur Erreichung des Zwecks erforderlich ist oder gesetzliche Aufbewahrungsfristen bestehen. Nach Ablauf werden die Daten gel\u00f6scht oder gesperrt.<\/p>\n<h2>10. Keine automatisierte Entscheidungsfindung<\/h2>\n<p>Wir verzichten auf automatisierte Entscheidungsfindungen oder Profiling.<\/p>\n<p>Diese Datenschutzerkl\u00e4rung wurde f\u00fcr Sankt-Wendel-Saar erstellt und erf\u00fcllt die Anforderungen der DSGVO.<\/p>\n<\/section>\n","protected":false},"excerpt":{"rendered":"<p>Datenschutzerkl\u00e4rung Wir freuen uns \u00fcber Ihr Interesse an unserem Unternehmen. Datenschutz hat einen besonders hohen Stellenwert f\u00fcr die Gesch\u00e4ftsleitung von Sankt-Wendel-Saar. Eine Nutzung unserer Internetseiten ist grunds\u00e4tzlich ohne jede Angabe personenbezogener Daten m\u00f6glich. Soweit eine betroffene Person besondere Services unseres &hellip; <a href=\"https:\/\/anzeigen.sankt-wendel-saar.de\/?page_id=1210\">Weiterlesen <span class=\"meta-nav\">&rarr;<\/span><\/a><\/p>\n","protected":false},"author":1,"featured_media":1340,"parent":0,"menu_order":0,"comment_status":"closed","ping_status":"closed","template":"","meta":{"footnotes":""},"class_list":["post-1210","page","type-page","status-publish","has-post-thumbnail","hentry"],"jetpack_sharing_enabled":true,"_links":{"self":[{"href":"https:\/\/anzeigen.sankt-wendel-saar.de\/index.php?rest_route=\/wp\/v2\/pages\/1210","targetHints":{"allow":["GET"]}}],"collection":[{"href":"https:\/\/anzeigen.sankt-wendel-saar.de\/index.php?rest_route=\/wp\/v2\/pages"}],"about":[{"href":"https:\/\/anzeigen.sankt-wendel-saar.de\/index.php?rest_route=\/wp\/v2\/types\/page"}],"author":[{"embeddable":true,"href":"https:\/\/anzeigen.sankt-wendel-saar.de\/index.php?rest_route=\/wp\/v2\/users\/1"}],"replies":[{"embeddable":true,"href":"https:\/\/anzeigen.sankt-wendel-saar.de\/index.php?rest_route=%2Fwp%2Fv2%2Fcomments&post=1210"}],"version-history":[{"count":1,"href":"https:\/\/anzeigen.sankt-wendel-saar.de\/index.php?rest_route=\/wp\/v2\/pages\/1210\/revisions"}],"predecessor-version":[{"id":1211,"href":"https:\/\/anzeigen.sankt-wendel-saar.de\/index.php?rest_route=\/wp\/v2\/pages\/1210\/revisions\/1211"}],"wp:featuredmedia":[{"embeddable":true,"href":"https:\/\/anzeigen.sankt-wendel-saar.de\/index.php?rest_route=\/wp\/v2\/media\/1340"}],"wp:attachment":[{"href":"https:\/\/anzeigen.sankt-wendel-saar.de\/index.php?rest_route=%2Fwp%2Fv2%2Fmedia&parent=1210"}],"curies":[{"name":"wp","href":"https:\/\/api.w.org\/{rel}","templated":true}]}}